{"id":271,"date":"2024-04-11T18:22:12","date_gmt":"2024-04-11T18:22:12","guid":{"rendered":"https:\/\/puertorico.teselta.com\/request-a-quote\/"},"modified":"2025-06-11T15:04:47","modified_gmt":"2025-06-11T19:04:47","slug":"request-a-quote","status":"publish","type":"page","link":"https:\/\/puertorico.teselta.com\/en\/request-a-quote\/","title":{"rendered":"Request a Quote"},"content":{"rendered":"<div data-elementor-type=\"wp-page\" data-elementor-id=\"271\" class=\"elementor elementor-271\" wpc-filter-elementor-widget=\"1\" data-elementor-post-type=\"page\">\n\t\t\t\t<div data-particle_enable=\"false\" data-particle-mobile-disabled=\"false\" class=\"elementor-element elementor-element-ae166f4 e-flex e-con-boxed e-con e-parent\" data-id=\"ae166f4\" data-element_type=\"container\" data-e-type=\"container\" data-settings=\"{&quot;background_background&quot;:&quot;classic&quot;}\">\n\t\t\t\t\t<div class=\"e-con-inner\">\n\t\t<div data-particle_enable=\"false\" data-particle-mobile-disabled=\"false\" class=\"elementor-element elementor-element-d065596 e-con-full e-flex e-con e-child\" data-id=\"d065596\" data-element_type=\"container\" data-e-type=\"container\">\n\t\t\t\t<div class=\"elementor-element elementor-element-53159d1 elementor-widget elementor-widget-heading\" data-id=\"53159d1\" data-element_type=\"widget\" data-e-type=\"widget\" data-widget_type=\"heading.default\">\n\t\t\t\t<div class=\"elementor-widget-container\">\n\t\t\t\t\t<h4 class=\"elementor-heading-title elementor-size-default\">Quote for your new equipment<\/h4>\t\t\t\t<\/div>\n\t\t\t\t<\/div>\n\t\t\t\t<\/div>\n\t\t<div data-particle_enable=\"false\" data-particle-mobile-disabled=\"false\" class=\"elementor-element elementor-element-8b95bb5 e-con-full elementor-hidden-mobile e-flex e-con e-child\" data-id=\"8b95bb5\" data-element_type=\"container\" data-e-type=\"container\">\n\t\t\t\t<div class=\"elementor-element elementor-element-cee39a2 elementor-widget elementor-widget-woocommerce-breadcrumb\" data-id=\"cee39a2\" data-element_type=\"widget\" data-e-type=\"widget\" data-widget_type=\"woocommerce-breadcrumb.default\">\n\t\t\t\t<div class=\"elementor-widget-container\">\n\t\t\t\t\t<nav class=\"woocommerce-breadcrumb\" aria-label=\"Breadcrumb\" data-no-translation=\"\" data-trp-gettext=\"\">Home<\/nav>\t\t\t\t<\/div>\n\t\t\t\t<\/div>\n\t\t\t\t<\/div>\n\t\t\t\t\t<\/div>\n\t\t\t\t<\/div>\n\t\t<div data-particle_enable=\"false\" data-particle-mobile-disabled=\"false\" class=\"elementor-element elementor-element-f53ddb4 e-flex e-con-boxed e-con e-parent\" data-id=\"f53ddb4\" data-element_type=\"container\" data-e-type=\"container\">\n\t\t\t\t\t<div class=\"e-con-inner\">\n\t\t\t\t<div class=\"elementor-element elementor-element-06e8fe8 elementor-widget elementor-widget-heading\" data-id=\"06e8fe8\" data-element_type=\"widget\" data-e-type=\"widget\" data-widget_type=\"heading.default\">\n\t\t\t\t<div class=\"elementor-widget-container\">\n\t\t\t\t\t<h4 class=\"elementor-heading-title elementor-size-default\">These are the teams added to your listing so far.<\/h4>\t\t\t\t<\/div>\n\t\t\t\t<\/div>\n\t\t\t\t<div class=\"elementor-element elementor-element-6b14922 elementor-widget elementor-widget-text-editor\" data-id=\"6b14922\" data-element_type=\"widget\" data-e-type=\"widget\" data-widget_type=\"text-editor.default\">\n\t\t\t\t<div class=\"elementor-widget-container\">\n\t\t\t\t\t\t\t\t\t<p>Once you're done adding your equipment, simply fill out the form below and click submit. Our experts will contact you shortly.<\/p><p>If you need immediate assistance or information about any equipment, prices or offers, do not hesitate to call us at: (787) 783-9380<\/p>\t\t\t\t\t\t\t\t<\/div>\n\t\t\t\t<\/div>\n\t\t\t\t<div class=\"elementor-element elementor-element-0864847 elementor-widget elementor-widget-woocommerce-notices\" data-id=\"0864847\" data-element_type=\"widget\" data-e-type=\"widget\" data-widget_type=\"woocommerce-notices.default\">\n\t\t\t\t<div class=\"elementor-widget-container\">\n\t\t\t\t\t\t\t<style>\n\t\t\t.woocommerce-notices-wrapper,\n\t\t\t.woocommerce-message,\n\t\t\t.woocommerce-error,\n\t\t\t.woocommerce-info {\n\t\t\t\tdisplay: none;\n\t\t\t}\n\t\t<\/style>\n\t\t\t\t\t<div class=\"e-woocommerce-notices-wrapper e-woocommerce-notices-wrapper-loading\">\n\t\t\t\t<div class=\"woocommerce-notices-wrapper\"><\/div>\t\t\t<\/div>\n\t\t\t\t\t\t\t<\/div>\n\t\t\t\t<\/div>\n\t\t\t\t\t<\/div>\n\t\t\t\t<\/div>\n\t\t<div data-particle_enable=\"false\" data-particle-mobile-disabled=\"false\" class=\"elementor-element elementor-element-c9554d5 e-flex e-con-boxed e-con e-parent\" data-id=\"c9554d5\" data-element_type=\"container\" data-e-type=\"container\">\n\t\t\t\t\t<div class=\"e-con-inner\">\n\t\t\t\t<div class=\"elementor-element elementor-element-8a7c9d9 elementor-widget elementor-widget-shortcode\" data-id=\"8a7c9d9\" data-element_type=\"widget\" data-e-type=\"widget\" data-widget_type=\"shortcode.default\">\n\t\t\t\t<div class=\"elementor-widget-container\">\n\t\t\t\t\t\t\t<div class=\"elementor-shortcode\">\n<div class=\"woocommerce ywraq-wrapper ywraq-empty ywraq-with-form\">\n\t\t\t<div id=\"yith-ywraq-message\"><div class=\"ywraq-question-message\">\n\t<\/div>\n<\/div>\n\t\t\n\t\t\t\t<div class=\"ywraq-form-table-wrapper wide\">\n\t\t\t<div class=\"ywraq-before-form\">\n\t<p class=\"ywraq_list_empty_message\">Your list is empty, add products to the list to send a request<p><p class=\"return-to-shop\"><a class=\"button wc-backward\" href=\"https:\/\/puertorico.teselta.com\/en\/shop\/\">Return to Shop<\/a><\/p><\/div>\n\t\t\t\t\t\t\t\t\t\t\t\t<div class=\"yith-ywraq-mail-form-wrapper\">\n\t<h3>Submit the request<\/h3>\n\t<form id=\"yith-ywraq-default-form\" name=\"yith-ywraq-default-form\"\n\t\taction=\"https:\/\/puertorico.teselta.com\/en\/request-a-quote\/\" method=\"post\"\n\t\tenctype=\"multipart\/form-data\" data-trp-original-action=\"https:\/\/puertorico.teselta.com\/en\/request-a-quote\/\">\n\t\t<input type=\"hidden\" id=\"yith-ywraq-default-form-sent\" name=\"yith-ywraq-default-form-sent\" value=\"1\">\n\t\t\t\t<p class=\"form-row form-row-wide validate-required\" id=\"full_name_field\" data-priority=\"\"><label for=\"full_name\" class=\"required_field\">Full name&nbsp;<span class=\"required\" aria-hidden=\"true\">*<\/span><\/label><span class=\"woocommerce-input-wrapper\"><input type=\"text\" class=\"input-text\" name=\"full_name\" id=\"full_name\" placeholder=\"\"  value=\"\" aria-required=\"true\" \/><\/span><\/p><p class=\"form-row form-row-wide validate-required\" id=\"email_field\" data-priority=\"\"><label for=\"email\" class=\"required_field\">Email&nbsp;<span class=\"required\" aria-hidden=\"true\">*<\/span><\/label><span class=\"woocommerce-input-wrapper\"><input type=\"email\" class=\"input-text\" name=\"email\" id=\"email\" placeholder=\"\"  value=\"\" aria-required=\"true\" \/><\/span><\/p><p class=\"form-row form-row-wide validate-required\" id=\"phone_field\" data-priority=\"\"><label for=\"phone\" class=\"required_field\">Phone&nbsp;<span class=\"required\" aria-hidden=\"true\">*<\/span><\/label><span class=\"woocommerce-input-wrapper\"><input type=\"tel\" class=\"input-text\" name=\"phone\" id=\"phone\" placeholder=\"\"  value=\"\" aria-required=\"true\" \/><\/span><\/p><p class=\"form-row form-row-wide validate-required\" id=\"company_field\" data-priority=\"\"><label for=\"company\" class=\"required_field\">Company&nbsp;<span class=\"required\" aria-hidden=\"true\">*<\/span><\/label><span class=\"woocommerce-input-wrapper\"><input type=\"text\" class=\"input-text\" name=\"company\" id=\"company\" placeholder=\"\"  value=\"\" aria-required=\"true\" \/><\/span><\/p><p class=\"form-row form-row-wide validate-required\" id=\"pueblo_field\" data-priority=\"\"><label for=\"pueblo\" class=\"required_field\">City&nbsp;<span class=\"required\" aria-hidden=\"true\">*<\/span><\/label><span class=\"woocommerce-input-wrapper\"><input type=\"text\" class=\"input-text\" name=\"pueblo\" id=\"pueblo\" placeholder=\"\"  value=\"\" aria-required=\"true\" \/><\/span><\/p><p class=\"form-row form-row-wide validate-required\" id=\"estado_region_field\" data-priority=\"\"><label for=\"estado_region\" class=\"required_field\">Region&nbsp;<span class=\"required\" aria-hidden=\"true\">*<\/span><\/label><span class=\"woocommerce-input-wrapper\"><input type=\"text\" class=\"input-text\" name=\"estado_region\" id=\"estado_region\" placeholder=\"\"  value=\"\" aria-required=\"true\" \/><\/span><\/p><p class=\"form-row form-row-wide validate-required\" id=\"tipo_de_cotizacion_field\" data-priority=\"\"><label for=\"tipo_de_cotizacion_Venta\" class=\"required_field\">Type of quote&nbsp;<span class=\"required\" aria-hidden=\"true\">*<\/span><\/label><span class=\"woocommerce-input-wrapper\"><input type=\"radio\" class=\"input-radio\" value=\"Venta\" name=\"tipo_de_cotizacion\" aria-required=\"true\" id=\"tipo_de_cotizacion_Venta\" \/><label for=\"tipo_de_cotizacion_Venta\" class=\"radio required_field\">Sale&nbsp;<span class=\"required\" aria-hidden=\"true\">*<\/span><\/label><input type=\"radio\" class=\"input-radio\" value=\"Renta\" name=\"tipo_de_cotizacion\" aria-required=\"true\" id=\"tipo_de_cotizacion_Renta\" \/><label for=\"tipo_de_cotizacion_Renta\" class=\"radio required_field\">Rent&nbsp;<span class=\"required\" aria-hidden=\"true\">*<\/span><\/label><\/span><\/p><p class=\"form-row form-row-wide\" id=\"message_field\" data-priority=\"\"><label for=\"message\" class=\"\">Additional Information&nbsp;<span class=\"optional\">(optional)<\/span><\/label><span class=\"woocommerce-input-wrapper\"><textarea name=\"message\" class=\"input-text\" id=\"message\" placeholder=\"Details of your project, equipment requirements, or how you heard about us\"  rows=\"2\" cols=\"5\"><\/textarea><\/span><\/p><p class=\"form-row form-row-wide\" id=\"newsletter_signup_field\" data-priority=\"\"><span class=\"woocommerce-input-wrapper\"><label class=\"checkbox\" ><input type=\"checkbox\" name=\"newsletter_signup\" id=\"newsletter_signup\" value=\"1\" class=\"input-checkbox\"  checked='checked' \/> Add us to your contact list!&nbsp;<span class=\"optional\">(optional)<\/span><\/label><\/span><\/p>\n\t\t\n\t\t\n\t\t\n\t\t<p class=\"form-row form-row-wide raq-send-request-row\">\n\t\t\t<input type=\"hidden\" id=\"ywraq-mail-wpnonce\" name=\"ywraq_mail_wpnonce\"\n\t\t\t\tvalue=\"5be29b2e5b\">\n\t\t\t<input class=\"button raq-send-request last\" type=\"submit\"\n\t\t\t\tvalue=\"Send Your Request\">\n\t\t<\/p>\n\n\t\t\n\t\t\t<input type=\"hidden\" name=\"trp-form-language\" value=\"en\"\/><\/form>\n<\/div>\n\t\t\t\t\t\t\t\t\t\t\t\t\t\t<\/div>\n\t<\/div>\n<\/div>\n\t\t\t\t\t\t<\/div>\n\t\t\t\t<\/div>\n\t\t\t\t\t<\/div>\n\t\t\t\t<\/div>\n\t\t\t\t<\/div>","protected":false},"excerpt":{"rendered":"<p>Cotizaci\u00f3n para su equipo nuevo Estos son los equipos a\u00f1adidos a su cotizaci\u00f3n hasta el momento. Al terminar de agregar sus equipos, simplemente complete el formulario a continuaci\u00f3n y luego haga clic en enviar. En breve nuestros Expertos se pondr\u00e1n en contacto con usted. Si necesita asistencia inmediata o informaci\u00f3n sobre alg\u00fan equipo, precio u [&hellip;]<\/p>\n","protected":false},"author":2,"featured_media":0,"parent":0,"menu_order":0,"comment_status":"closed","ping_status":"closed","template":"elementor_header_footer","meta":{"_acf_changed":false,"footnotes":""},"class_list":["post-271","page","type-page","status-publish","hentry"],"acf":[],"yoast_head":"<!-- This site is optimized with the Yoast SEO plugin v27.5 - https:\/\/yoast.com\/product\/yoast-seo-wordpress\/ -->\n<title>Request a Quote - Teselta PR<\/title>\n<meta name=\"robots\" content=\"index, follow, max-snippet:-1, max-image-preview:large, max-video-preview:-1\" \/>\n<link rel=\"canonical\" href=\"https:\/\/puertorico.teselta.com\/en\/request-a-quote\/\" \/>\n<meta property=\"og:locale\" content=\"en_US\" \/>\n<meta property=\"og:type\" content=\"article\" \/>\n<meta property=\"og:title\" content=\"Request a Quote - Teselta PR\" \/>\n<meta property=\"og:description\" content=\"Cotizaci\u00f3n para su equipo nuevo Estos son los equipos a\u00f1adidos a su cotizaci\u00f3n hasta el momento. Al terminar de agregar sus equipos, simplemente complete el formulario a continuaci\u00f3n y luego haga clic en enviar. En breve nuestros Expertos se pondr\u00e1n en contacto con usted. Si necesita asistencia inmediata o informaci\u00f3n sobre alg\u00fan equipo, precio u [&hellip;]\" \/>\n<meta property=\"og:url\" content=\"https:\/\/puertorico.teselta.com\/en\/request-a-quote\/\" \/>\n<meta property=\"og:site_name\" content=\"Teselta PR\" \/>\n<meta property=\"article:publisher\" content=\"https:\/\/www.facebook.com\/TeseltaCo\" \/>\n<meta property=\"article:modified_time\" content=\"2025-06-11T19:04:47+00:00\" \/>\n<meta name=\"twitter:card\" content=\"summary_large_image\" \/>\n<meta name=\"twitter:label1\" content=\"Est. reading time\" \/>\n\t<meta name=\"twitter:data1\" content=\"1 minute\" \/>\n<script type=\"application\/ld+json\" class=\"yoast-schema-graph\">{\"@context\":\"https:\\\/\\\/schema.org\",\"@graph\":[{\"@type\":\"WebPage\",\"@id\":\"https:\\\/\\\/puertorico.teselta.com\\\/request-a-quote\\\/\",\"url\":\"https:\\\/\\\/puertorico.teselta.com\\\/request-a-quote\\\/\",\"name\":\"Request a Quote - Teselta PR\",\"isPartOf\":{\"@id\":\"https:\\\/\\\/puertorico.teselta.com\\\/#website\"},\"datePublished\":\"2024-04-11T18:22:12+00:00\",\"dateModified\":\"2025-06-11T19:04:47+00:00\",\"breadcrumb\":{\"@id\":\"https:\\\/\\\/puertorico.teselta.com\\\/request-a-quote\\\/#breadcrumb\"},\"inLanguage\":\"en-US\",\"potentialAction\":[{\"@type\":\"ReadAction\",\"target\":[\"https:\\\/\\\/puertorico.teselta.com\\\/request-a-quote\\\/\"]}]},{\"@type\":\"BreadcrumbList\",\"@id\":\"https:\\\/\\\/puertorico.teselta.com\\\/request-a-quote\\\/#breadcrumb\",\"itemListElement\":[{\"@type\":\"ListItem\",\"position\":1,\"name\":\"Home\",\"item\":\"https:\\\/\\\/puertorico.teselta.com\\\/\"},{\"@type\":\"ListItem\",\"position\":2,\"name\":\"Request a Quote\"}]},{\"@type\":\"WebSite\",\"@id\":\"https:\\\/\\\/puertorico.teselta.com\\\/#website\",\"url\":\"https:\\\/\\\/puertorico.teselta.com\\\/\",\"name\":\"Teselta\",\"description\":\"Los L\u00edderes en venta y renta de equipos\",\"publisher\":{\"@id\":\"https:\\\/\\\/puertorico.teselta.com\\\/#organization\"},\"potentialAction\":[{\"@type\":\"SearchAction\",\"target\":{\"@type\":\"EntryPoint\",\"urlTemplate\":\"https:\\\/\\\/puertorico.teselta.com\\\/?s={search_term_string}\"},\"query-input\":{\"@type\":\"PropertyValueSpecification\",\"valueRequired\":true,\"valueName\":\"search_term_string\"}}],\"inLanguage\":\"en-US\"},{\"@type\":\"Organization\",\"@id\":\"https:\\\/\\\/puertorico.teselta.com\\\/#organization\",\"name\":\"Teselta\",\"url\":\"https:\\\/\\\/puertorico.teselta.com\\\/\",\"logo\":{\"@type\":\"ImageObject\",\"inLanguage\":\"en-US\",\"@id\":\"https:\\\/\\\/puertorico.teselta.com\\\/#\\\/schema\\\/logo\\\/image\\\/\",\"url\":\"https:\\\/\\\/puertorico.teselta.com\\\/wp-content\\\/uploads\\\/2023\\\/02\\\/teselta-main-logo.svg\",\"contentUrl\":\"https:\\\/\\\/puertorico.teselta.com\\\/wp-content\\\/uploads\\\/2023\\\/02\\\/teselta-main-logo.svg\",\"caption\":\"Teselta\"},\"image\":{\"@id\":\"https:\\\/\\\/puertorico.teselta.com\\\/#\\\/schema\\\/logo\\\/image\\\/\"},\"sameAs\":[\"https:\\\/\\\/www.facebook.com\\\/TeseltaCo\",\"https:\\\/\\\/www.linkedin.com\\\/company\\\/teselta\\\/\",\"https:\\\/\\\/www.instagram.com\\\/teselta\",\"https:\\\/\\\/www.youtube.com\\\/@teselta4529\"]}]}<\/script>\n<!-- \/ Yoast SEO plugin. -->","yoast_head_json":{"title":"Request a Quote - Teselta PR","robots":{"index":"index","follow":"follow","max-snippet":"max-snippet:-1","max-image-preview":"max-image-preview:large","max-video-preview":"max-video-preview:-1"},"canonical":"https:\/\/puertorico.teselta.com\/en\/request-a-quote\/","og_locale":"en_US","og_type":"article","og_title":"Request a Quote - Teselta PR","og_description":"Cotizaci\u00f3n para su equipo nuevo Estos son los equipos a\u00f1adidos a su cotizaci\u00f3n hasta el momento. Al terminar de agregar sus equipos, simplemente complete el formulario a continuaci\u00f3n y luego haga clic en enviar. En breve nuestros Expertos se pondr\u00e1n en contacto con usted. Si necesita asistencia inmediata o informaci\u00f3n sobre alg\u00fan equipo, precio u [&hellip;]","og_url":"https:\/\/puertorico.teselta.com\/en\/request-a-quote\/","og_site_name":"Teselta PR","article_publisher":"https:\/\/www.facebook.com\/TeseltaCo","article_modified_time":"2025-06-11T19:04:47+00:00","twitter_card":"summary_large_image","twitter_misc":{"Est. reading time":"1 minute"},"schema":{"@context":"https:\/\/schema.org","@graph":[{"@type":"WebPage","@id":"https:\/\/puertorico.teselta.com\/request-a-quote\/","url":"https:\/\/puertorico.teselta.com\/request-a-quote\/","name":"Request a Quote - Teselta PR","isPartOf":{"@id":"https:\/\/puertorico.teselta.com\/#website"},"datePublished":"2024-04-11T18:22:12+00:00","dateModified":"2025-06-11T19:04:47+00:00","breadcrumb":{"@id":"https:\/\/puertorico.teselta.com\/request-a-quote\/#breadcrumb"},"inLanguage":"en-US","potentialAction":[{"@type":"ReadAction","target":["https:\/\/puertorico.teselta.com\/request-a-quote\/"]}]},{"@type":"BreadcrumbList","@id":"https:\/\/puertorico.teselta.com\/request-a-quote\/#breadcrumb","itemListElement":[{"@type":"ListItem","position":1,"name":"Home","item":"https:\/\/puertorico.teselta.com\/"},{"@type":"ListItem","position":2,"name":"Request a Quote"}]},{"@type":"WebSite","@id":"https:\/\/puertorico.teselta.com\/#website","url":"https:\/\/puertorico.teselta.com\/","name":"Teselta","description":"The leaders in equipment sales and rentals","publisher":{"@id":"https:\/\/puertorico.teselta.com\/#organization"},"potentialAction":[{"@type":"SearchAction","target":{"@type":"EntryPoint","urlTemplate":"https:\/\/puertorico.teselta.com\/?s={search_term_string}"},"query-input":{"@type":"PropertyValueSpecification","valueRequired":true,"valueName":"search_term_string"}}],"inLanguage":"en-US"},{"@type":"Organization","@id":"https:\/\/puertorico.teselta.com\/#organization","name":"Teselta","url":"https:\/\/puertorico.teselta.com\/","logo":{"@type":"ImageObject","inLanguage":"en-US","@id":"https:\/\/puertorico.teselta.com\/#\/schema\/logo\/image\/","url":"https:\/\/puertorico.teselta.com\/wp-content\/uploads\/2023\/02\/teselta-main-logo.svg","contentUrl":"https:\/\/puertorico.teselta.com\/wp-content\/uploads\/2023\/02\/teselta-main-logo.svg","caption":"Teselta"},"image":{"@id":"https:\/\/puertorico.teselta.com\/#\/schema\/logo\/image\/"},"sameAs":["https:\/\/www.facebook.com\/TeseltaCo","https:\/\/www.linkedin.com\/company\/teselta\/","https:\/\/www.instagram.com\/teselta","https:\/\/www.youtube.com\/@teselta4529"]}]}},"_links":{"self":[{"href":"https:\/\/puertorico.teselta.com\/en\/wp-json\/wp\/v2\/pages\/271","targetHints":{"allow":["GET"]}}],"collection":[{"href":"https:\/\/puertorico.teselta.com\/en\/wp-json\/wp\/v2\/pages"}],"about":[{"href":"https:\/\/puertorico.teselta.com\/en\/wp-json\/wp\/v2\/types\/page"}],"author":[{"embeddable":true,"href":"https:\/\/puertorico.teselta.com\/en\/wp-json\/wp\/v2\/users\/2"}],"replies":[{"embeddable":true,"href":"https:\/\/puertorico.teselta.com\/en\/wp-json\/wp\/v2\/comments?post=271"}],"version-history":[{"count":0,"href":"https:\/\/puertorico.teselta.com\/en\/wp-json\/wp\/v2\/pages\/271\/revisions"}],"wp:attachment":[{"href":"https:\/\/puertorico.teselta.com\/en\/wp-json\/wp\/v2\/media?parent=271"}],"curies":[{"name":"wp","href":"https:\/\/api.w.org\/{rel}","templated":true}]}}